{"id":1446,"date":"2017-11-05T07:05:03","date_gmt":"2017-11-05T06:05:03","guid":{"rendered":"http:\/\/tedzn.w4yserver.at\/?page_id=1446"},"modified":"2017-11-13T13:57:26","modified_gmt":"2017-11-13T12:57:26","slug":"impressum","status":"publish","type":"page","link":"https:\/\/www.sonnhang.at\/en\/impressum\/","title":{"rendered":"Impressum"},"content":{"rendered":"<div id=\"pl-1446\"  class=\"panel-layout\" ><div id=\"pg-1446-0\"  class=\"panel-grid panel-no-style\" ><div id=\"pgc-1446-0-0\"  class=\"panel-grid-cell\" ><div id=\"panel-1446-0-0-0\" class=\"so-panel widget widget_black-studio-tinymce widget_black_studio_tinymce panel-first-child panel-last-child\" data-index=\"0\" ><div class=\"textwidget\"><h2><span class=\"\" style=\"display:block;clear:both;height: 0px;padding-top: 50px;border-top-width:0px;border-bottom-width:0px;\"><\/span>Impressum - Informationspflicht<\/h2>\n<hr \/>\n<h2>\u00a0<\/h2>\n<\/div><\/div><\/div><\/div><div id=\"pg-1446-1\"  class=\"panel-grid panel-no-style\" ><div id=\"pgc-1446-1-0\"  class=\"panel-grid-cell\" ><div id=\"panel-1446-1-0-0\" class=\"so-panel widget widget_black-studio-tinymce widget_black_studio_tinymce panel-first-child panel-last-child\" data-index=\"1\" ><div class=\"textwidget\"><p><b>F\u00fcr den Inhalt der Webseite verantwortlich:<\/b><\/p>\n<p>Haus Sonnhang<br \/> Familie Unterkofler<br \/> Zaglausiedlung 11<br \/> 5600 St. Johann\/Pg.<br \/> \u00d6STERREICH<\/p>\n<p>Firmenname: Haus Sonnhang - Elisabeth Unterkofler<br \/>Gerichtsstand: St. Johann im Pongau<br \/>Fachgruppe: Hotellerie<br \/><a title=\"Buchungsbedingungen \u00d6sterreichisches E-Commerce-Gesetz\" href=\"http:\/\/www.hotelverband.at\/down\/AGBH_061115.pdf\" target=\"_blank\" rel=\"noopener\">Buchungsbedingungen lt. \u00d6sterreichischem Hotelreglement<\/a><\/p>\n<p><b>Kontakt:<\/b><br \/> Tel.: +43 6412 \/ 5504<br \/>Mobil.:\u00a0+43 664 \/ 30 100 64<br \/> E-Mail: office@sonnhang.at<br \/> Web: <a href=\"https:\/\/www.sonnhang.at\">www.sonnhang.at<\/a><\/p>\n<\/div><\/div><\/div><div id=\"pgc-1446-1-1\"  class=\"panel-grid-cell\" ><div id=\"panel-1446-1-1-0\" class=\"so-panel widget widget_black-studio-tinymce widget_black_studio_tinymce panel-first-child panel-last-child\" data-index=\"2\" ><div class=\"textwidget\"><p><strong>Quellenangaben Impressum f\u00fcr verwendete Bilder und Grafiken:<\/strong><\/p>\n<p>\u00a9 TVB Sankt Johann-Alpendorf, Atelier Oczlon<br \/>\u00a9 salzburger land<br \/>\u00a9 Snow Space Salzburg | www.snow-space.com<br \/>\u00a9 <a href=\"https:\/\/www.salzburg.info\/de\/b2b\/gallery\/panorama-der-salzburger-altstadt_image-280673\">Tourismus Salzburg, Foto: Breitegger G\u00fcnter<\/a><br \/><em>\u00a9 <\/em><a href=\"http:\/\/www.salzburg-burgen.at\/\" target=\"_blank\" rel=\"noopener\">salzburg-burgen.at<\/a><br \/><span class=\"copyright\">\u00a9 <a href=\"http:\/\/www.bergbahnen-wagrain.at\/de\/skifahren-wagrain\" target=\"_blank\" rel=\"noopener\">Bergbahnen AG Wagrain<\/a><\/span><br \/>\u00a9 <a href=\"http:\/\/www.flachau.at\/\" target=\"_blank\" rel=\"noopener\">Bergbahnen Flachau GmbH<br \/><\/a>\u00a9 Werbeagentur <a href=\"http:\/\/www.narrischgu.at\/\" target=\"_blank\" rel=\"noopener\">Narrischguat<\/a><\/p>\n<p>\u00a0<\/p>\n<p><strong>Webdesign:<\/strong><\/p>\n<p><strong>narrischguat OG<\/strong><br \/>Thomas &amp; Evelyn Hacksteiner<\/p>\n<p><a href=\"http:\/\/www.narrischgu.at\/\" target=\"_blank\" rel=\"noopener\">www.narrischgu.at<\/a><br \/><a href=\"mailto:narrischguat@sbg.at\">narrischguat@sbg.at<\/a><\/p>\n<\/div><\/div><\/div><\/div><div id=\"pg-1446-2\"  class=\"panel-grid panel-no-style\" ><div id=\"pgc-1446-2-0\"  class=\"panel-grid-cell\" ><div id=\"panel-1446-2-0-0\" class=\"so-panel widget widget_black-studio-tinymce widget_black_studio_tinymce panel-first-child panel-last-child\" data-index=\"3\" ><div class=\"textwidget\"><h3 style=\"text-align: center;\">Datenschutz:<\/h3>\n<p><strong>Datenschutzrichtline [\u00a724 DSG]:<\/strong><br \/>Die Einhaltung der geltenden gesetzlichen Bestimmungen zum Datenschutz personenbezogener Daten ist f\u00fcr uns selbstverst\u00e4ndlich. Gem\u00e4\u00df Datenschutzgesetz (DSG 2000) sind personenbezogene Daten Informationen, die genutzt werden k\u00f6nnen, um die Identit\u00e4t von Web-Benutzern zu erfahren. Darunter fallen Informationen wie Name, Adresse, Postanschrift, Telefonnummer etc. S\u00e4mtliche Informationen, die nicht direkt mit der tats\u00e4chlichen Identit\u00e4t des Benutzers in Verbindung gebracht werden k\u00f6nnen, fallen somit nicht darunter.<\/p>\n<p><strong class=\"intext\">Google Analytics:<\/strong><br \/>Diese Website benutzt Google Analytics, einen Webanalysedienst der Google Inc. (\u201eGoogle\u201c). Google Analytics verwendet sog. \u201eCookies\u201c, Textdateien, die auf Ihrem Computer gespeichert werden und die eine Analyse der Benutzung der Website durch Sie erm\u00f6glichen. Die durch den Cookie erzeugten Informationen \u00fcber Ihre Benutzung dieser Website werden in der Regel an einen Server von Google in den USA \u00fcbertragen und dort gespeichert. Im Falle der Aktivierung der IP-Anonymisierung auf dieser Webseite, wird Ihre IP-Adresse von Google jedoch innerhalb von Mitgliedstaaten der Europ\u00e4ischen Union oder in anderen Vertragsstaaten des Abkommens \u00fcber den Europ\u00e4ischen Wirtschaftsraum zuvor gek\u00fcrzt. Nur in Ausnahmef\u00e4llen wird die volle IP-Adresse an einen Server von Google in den USA \u00fcbertragen und dort gek\u00fcrzt. Im Auftrag des Betreibers dieser Website wird Google diese Informationen benutzen, um Ihre Nutzung der Website auszuwerten, um Reports \u00fcber die Websiteaktivit\u00e4ten zusammenzustellen und um weitere mit der Websitenutzung und der Internetnutzung verbundene Dienstleistungen gegen\u00fcber dem Websitebetreiber zu erbringen. Die im Rahmen von Google Analytics von Ihrem Browser \u00fcbermittelte IP-Adresse wird nicht mit anderen Daten von Google zusammengef\u00fchrt. Sie k\u00f6nnen die Speicherung der Cookies durch eine entsprechende Einstellung Ihrer Browser-Software verhindern; wir weisen Sie jedoch darauf hin, dass Sie in diesem Fall gegebenenfalls nicht s\u00e4mtliche Funktionen dieser Website vollumf\u00e4nglich werden nutzen k\u00f6nnen. Sie k\u00f6nnen dar\u00fcber hinaus die Erfassung der durch das Cookie erzeugten und auf Ihre Nutzung der Website bezogenen Daten (inkl. Ihrer IP-Adresse) an Google sowie die Verarbeitung dieser Daten durch Google verhindern, indem sie das unter dem folgenden Link verf\u00fcgbare Browser-Plugin herunterladen und installieren: <a class=\"intext ext\" href=\"http:\/\/tools.google.com\/dlpage\/gaoptout?hl=de.\" target=\"_blank\" rel=\"noopener external\">http:\/\/tools.google.com\/dlpage\/gaoptout?hl=de.<\/a><\/p>\n<p><strong class=\"intext\">Verwendung von Social-Plugins<\/strong><br \/>Auf unserer Website werden sogenannte Social Plugins (\u201ePlugins\u201d) des sozialen Netzwerkes Facebook verwendet, das von der Facebook Inc., 1601 S. California Ave, Palo Alto, CA 94304, USA (\u201eFacebook\u201d) betrieben wird. Die Plugins sind mit einem Facebook-Logo oder dem Zusatz \u201eSoziales Plug-in von Facebook\u201d bzw. \u201eFacebook Social Plugin\u201d gekennzeichnet. Eine \u00dcbersicht \u00fcber die Facebook Plugins und deren Aussehen finden Sie hier: <a class=\"intext ext\" href=\"https:\/\/developers.facebook.com\/docs\/plugins\" target=\"_blank\" rel=\"noopener external\">https:\/\/developers.facebook.com\/docs\/plugins<\/a><\/p>\n<p style=\"text-align: center;\"><span class=\"\" style=\"display:block;clear:both;height: 0px;padding-top: 20px;border-top-width:0px;border-bottom-width:0px;\"><\/span><a class=\"maxbutton-2 maxbutton maxbutton-startseite\" href=\"https:\/\/sonnhang.at\/\"><span class='mb-text'>Zur Startseite<\/span><\/a><\/p>\n<\/div><\/div><\/div><\/div><\/div>","protected":false},"excerpt":{"rendered":"<p>Impressum &#8211; Informationspflicht\u00a0 F\u00fcr den Inhalt der Webseite verantwortlich:Haus Sonnhang Familie Unterkofler Zaglausiedlung 11 5600 St. Johann\/Pg. \u00d6STERREICHFirmenname: Haus Sonnhang &#8211; Elisabeth UnterkoflerGerichtsstand: St. Johann im PongauFachgruppe: HotellerieBuchungsbedingungen lt. \u00d6sterreichischem &#8230;<\/p>\n","protected":false},"author":1,"featured_media":0,"parent":0,"menu_order":0,"comment_status":"closed","ping_status":"closed","template":"","meta":{"_monsterinsights_skip_tracking":false,"_monsterinsights_sitenote_active":false,"_monsterinsights_sitenote_note":"","_monsterinsights_sitenote_category":0,"footnotes":""},"yoast_head":"<!-- This site is optimized with the Yoast SEO plugin v22.5 - https:\/\/yoast.com\/wordpress\/plugins\/seo\/ -->\n<title>Impressum - Haus Sonnhang im SalzburgerLand - St. Johann i. Pg.<\/title>\n<meta name=\"description\" content=\"Impressum: Unsere gem\u00fctlichen Appartements versprechen einen erholsamen Urlaub mit gen\u00fcgend Freiraum. Nach dem Motto \u201d Ankommen und wohlf\u00fchlen\u201d!\" \/>\n<meta name=\"robots\" content=\"index, follow, max-snippet:-1, max-image-preview:large, max-video-preview:-1\" \/>\n<link rel=\"canonical\" href=\"https:\/\/www.sonnhang.at\/impressum\/\" \/>\n<meta property=\"og:locale\" content=\"en_US\" \/>\n<meta property=\"og:type\" content=\"article\" \/>\n<meta property=\"og:title\" content=\"Impressum - Haus Sonnhang im SalzburgerLand - St. Johann i. Pg.\" \/>\n<meta property=\"og:description\" content=\"Impressum: Unsere gem\u00fctlichen Appartements versprechen einen erholsamen Urlaub mit gen\u00fcgend Freiraum. Nach dem Motto \u201d Ankommen und wohlf\u00fchlen\u201d!\" \/>\n<meta property=\"og:url\" content=\"https:\/\/www.sonnhang.at\/impressum\/\" \/>\n<meta property=\"og:site_name\" content=\"Haus Sonnhang\" \/>\n<meta property=\"article:modified_time\" content=\"2017-11-13T12:57:26+00:00\" \/>\n<meta name=\"twitter:card\" content=\"summary_large_image\" \/>\n<meta name=\"twitter:label1\" content=\"Est. reading time\" \/>\n\t<meta name=\"twitter:data1\" content=\"3 minutes\" \/>\n<script type=\"application\/ld+json\" class=\"yoast-schema-graph\">{\"@context\":\"https:\/\/schema.org\",\"@graph\":[{\"@type\":\"WebPage\",\"@id\":\"https:\/\/www.sonnhang.at\/impressum\/\",\"url\":\"https:\/\/www.sonnhang.at\/impressum\/\",\"name\":\"Impressum - Haus Sonnhang im SalzburgerLand - St. Johann i. Pg.\",\"isPartOf\":{\"@id\":\"https:\/\/www.sonnhang.at\/#website\"},\"datePublished\":\"2017-11-05T06:05:03+00:00\",\"dateModified\":\"2017-11-13T12:57:26+00:00\",\"description\":\"Impressum: Unsere gem\u00fctlichen Appartements versprechen einen erholsamen Urlaub mit gen\u00fcgend Freiraum. Nach dem Motto \u201d Ankommen und wohlf\u00fchlen\u201d!\",\"breadcrumb\":{\"@id\":\"https:\/\/www.sonnhang.at\/impressum\/#breadcrumb\"},\"inLanguage\":\"en-US\",\"potentialAction\":[{\"@type\":\"ReadAction\",\"target\":[\"https:\/\/www.sonnhang.at\/impressum\/\"]}]},{\"@type\":\"BreadcrumbList\",\"@id\":\"https:\/\/www.sonnhang.at\/impressum\/#breadcrumb\",\"itemListElement\":[{\"@type\":\"ListItem\",\"position\":1,\"name\":\"Startseite\",\"item\":\"https:\/\/www.sonnhang.at\/\"},{\"@type\":\"ListItem\",\"position\":2,\"name\":\"Impressum\"}]},{\"@type\":\"WebSite\",\"@id\":\"https:\/\/www.sonnhang.at\/#website\",\"url\":\"https:\/\/www.sonnhang.at\/\",\"name\":\"Haus Sonnhang\",\"description\":\"Urlaub im Salzburgerland\",\"publisher\":{\"@id\":\"https:\/\/www.sonnhang.at\/#organization\"},\"potentialAction\":[{\"@type\":\"SearchAction\",\"target\":{\"@type\":\"EntryPoint\",\"urlTemplate\":\"https:\/\/www.sonnhang.at\/?s={search_term_string}\"},\"query-input\":\"required name=search_term_string\"}],\"inLanguage\":\"en-US\"},{\"@type\":\"Organization\",\"@id\":\"https:\/\/www.sonnhang.at\/#organization\",\"name\":\"Haus Sonnhang\",\"url\":\"https:\/\/www.sonnhang.at\/\",\"logo\":{\"@type\":\"ImageObject\",\"inLanguage\":\"en-US\",\"@id\":\"https:\/\/www.sonnhang.at\/#\/schema\/logo\/image\/\",\"url\":\"https:\/\/www.sonnhang.at\/wp-content\/uploads\/2024\/12\/cropped-Logo-Sonnhang.jpg\",\"contentUrl\":\"https:\/\/www.sonnhang.at\/wp-content\/uploads\/2024\/12\/cropped-Logo-Sonnhang.jpg\",\"width\":1888,\"height\":521,\"caption\":\"Haus Sonnhang\"},\"image\":{\"@id\":\"https:\/\/www.sonnhang.at\/#\/schema\/logo\/image\/\"}}]}<\/script>\n<!-- \/ Yoast SEO plugin. -->","yoast_head_json":{"title":"Impressum - Haus Sonnhang im SalzburgerLand - St. Johann i. Pg.","description":"Impressum: Unsere gem\u00fctlichen Appartements versprechen einen erholsamen Urlaub mit gen\u00fcgend Freiraum. Nach dem Motto \u201d Ankommen und wohlf\u00fchlen\u201d!","robots":{"index":"index","follow":"follow","max-snippet":"max-snippet:-1","max-image-preview":"max-image-preview:large","max-video-preview":"max-video-preview:-1"},"canonical":"https:\/\/www.sonnhang.at\/impressum\/","og_locale":"en_US","og_type":"article","og_title":"Impressum - Haus Sonnhang im SalzburgerLand - St. Johann i. Pg.","og_description":"Impressum: Unsere gem\u00fctlichen Appartements versprechen einen erholsamen Urlaub mit gen\u00fcgend Freiraum. Nach dem Motto \u201d Ankommen und wohlf\u00fchlen\u201d!","og_url":"https:\/\/www.sonnhang.at\/impressum\/","og_site_name":"Haus Sonnhang","article_modified_time":"2017-11-13T12:57:26+00:00","twitter_card":"summary_large_image","twitter_misc":{"Est. reading time":"3 minutes"},"schema":{"@context":"https:\/\/schema.org","@graph":[{"@type":"WebPage","@id":"https:\/\/www.sonnhang.at\/impressum\/","url":"https:\/\/www.sonnhang.at\/impressum\/","name":"Impressum - Haus Sonnhang im SalzburgerLand - St. Johann i. Pg.","isPartOf":{"@id":"https:\/\/www.sonnhang.at\/#website"},"datePublished":"2017-11-05T06:05:03+00:00","dateModified":"2017-11-13T12:57:26+00:00","description":"Impressum: Unsere gem\u00fctlichen Appartements versprechen einen erholsamen Urlaub mit gen\u00fcgend Freiraum. Nach dem Motto \u201d Ankommen und wohlf\u00fchlen\u201d!","breadcrumb":{"@id":"https:\/\/www.sonnhang.at\/impressum\/#breadcrumb"},"inLanguage":"en-US","potentialAction":[{"@type":"ReadAction","target":["https:\/\/www.sonnhang.at\/impressum\/"]}]},{"@type":"BreadcrumbList","@id":"https:\/\/www.sonnhang.at\/impressum\/#breadcrumb","itemListElement":[{"@type":"ListItem","position":1,"name":"Startseite","item":"https:\/\/www.sonnhang.at\/"},{"@type":"ListItem","position":2,"name":"Impressum"}]},{"@type":"WebSite","@id":"https:\/\/www.sonnhang.at\/#website","url":"https:\/\/www.sonnhang.at\/","name":"Haus Sonnhang","description":"Urlaub im Salzburgerland","publisher":{"@id":"https:\/\/www.sonnhang.at\/#organization"},"potentialAction":[{"@type":"SearchAction","target":{"@type":"EntryPoint","urlTemplate":"https:\/\/www.sonnhang.at\/?s={search_term_string}"},"query-input":"required name=search_term_string"}],"inLanguage":"en-US"},{"@type":"Organization","@id":"https:\/\/www.sonnhang.at\/#organization","name":"Haus Sonnhang","url":"https:\/\/www.sonnhang.at\/","logo":{"@type":"ImageObject","inLanguage":"en-US","@id":"https:\/\/www.sonnhang.at\/#\/schema\/logo\/image\/","url":"https:\/\/www.sonnhang.at\/wp-content\/uploads\/2024\/12\/cropped-Logo-Sonnhang.jpg","contentUrl":"https:\/\/www.sonnhang.at\/wp-content\/uploads\/2024\/12\/cropped-Logo-Sonnhang.jpg","width":1888,"height":521,"caption":"Haus Sonnhang"},"image":{"@id":"https:\/\/www.sonnhang.at\/#\/schema\/logo\/image\/"}}]}},"_links":{"self":[{"href":"https:\/\/www.sonnhang.at\/en\/wp-json\/wp\/v2\/pages\/1446"}],"collection":[{"href":"https:\/\/www.sonnhang.at\/en\/wp-json\/wp\/v2\/pages"}],"about":[{"href":"https:\/\/www.sonnhang.at\/en\/wp-json\/wp\/v2\/types\/page"}],"author":[{"embeddable":true,"href":"https:\/\/www.sonnhang.at\/en\/wp-json\/wp\/v2\/users\/1"}],"replies":[{"embeddable":true,"href":"https:\/\/www.sonnhang.at\/en\/wp-json\/wp\/v2\/comments?post=1446"}],"version-history":[{"count":16,"href":"https:\/\/www.sonnhang.at\/en\/wp-json\/wp\/v2\/pages\/1446\/revisions"}],"predecessor-version":[{"id":1730,"href":"https:\/\/www.sonnhang.at\/en\/wp-json\/wp\/v2\/pages\/1446\/revisions\/1730"}],"wp:attachment":[{"href":"https:\/\/www.sonnhang.at\/en\/wp-json\/wp\/v2\/media?parent=1446"}],"curies":[{"name":"wp","href":"https:\/\/api.w.org\/{rel}","templated":true}]}}